{"id":70,"date":"2026-03-31T17:14:22","date_gmt":"2026-03-31T15:14:22","guid":{"rendered":"https:\/\/centerfetewp.hiboubox.com\/?page_id=70"},"modified":"2026-03-31T17:14:22","modified_gmt":"2026-03-31T15:14:22","slug":"%f0%9f%93%8d-nos-magasins-contact","status":"publish","type":"page","link":"https:\/\/centerfetewp.hiboubox.com\/index.php\/%f0%9f%93%8d-nos-magasins-contact\/","title":{"rendered":"\ud83d\udccd Nos Magasins &#038; Contact"},"content":{"rendered":"\n<p class=\"has-text-align-center\">Retrouvez-nous \u00e0 N\u00eemes et Avignon \u2014 Notre \u00e9quipe est l\u00e0 pour vous accueillir et vous conseiller<\/p>\n\n\n\n<p><\/p>\n\n\n\n<h2 class=\"wp-block-heading has-text-align-center\">Nos magasins<\/h2>\n\n\n\n<p class=\"has-text-align-center\">Deux points de vente pour mieux vous servir<\/p>\n\n\n\n<div class=\"wp-block-columns are-vertically-aligned-center is-layout-flex wp-container-core-columns-is-layout-28f84493 wp-block-columns-is-layout-flex\">\n<div class=\"wp-block-column is-vertically-aligned-center is-layout-flow wp-block-column-is-layout-flow\">\n<p>\ud83c\udfea N\u00eemes<\/p>\n\n\n\n<p>\ud83d\udccd<strong>Adresse<\/strong><\/p>\n\n\n\n<p>Ville active<br>82 rue Claude Nicolas Ledoux<br>30900 N\u00eemes<\/p>\n\n\n\n<p>\ud83d\udcde<strong>T\u00e9l\u00e9phone<\/strong><\/p>\n\n\n\n<p><a href=\"tel:0466278227\">04 66 27 82 27<\/a><\/p>\n\n\n\n<p>\ud83d\udd50<strong>Horaires d&rsquo;ouverture<\/strong><\/p>\n\n\n\n<p>Mardi \u2013 Vendredi : 10h\u201312h30 \/ 13h30\u201318h30<br>Samedi : 10h\u201318h<br>Ferm\u00e9 lundi et dimanche<\/p>\n<\/div>\n\n\n\n<div class=\"wp-block-column is-vertically-aligned-center is-layout-flow wp-block-column-is-layout-flow\">\n<p>\ud83c\udfea Avignon \u2014 Le Pontet<\/p>\n\n\n\n<p>\ud83d\udccd<strong>Adresse<\/strong><\/p>\n\n\n\n<p>783 chemin du P\u00e9rigord<br>84130 Le Pontet<\/p>\n\n\n\n<p>\ud83d\udcde<strong>T\u00e9l\u00e9phone<\/strong><\/p>\n\n\n\n<p><a href=\"tel:0490320306\">04 90 32 03 06<\/a><\/p>\n\n\n\n<p>\ud83d\udd50<strong>Horaires d&rsquo;ouverture<\/strong><\/p>\n\n\n\n<p>Mardi \u2013 Vendredi : 10h\u201312h30 \/ 13h30\u201318h30<br>Samedi : 10h\u201318h<br>Ferm\u00e9 lundi et dimanche<\/p>\n<\/div>\n<\/div>\n\n\n\n<p><\/p>\n\n\n\n<h2 class=\"wp-block-heading has-text-align-center\">Nous contacter<\/h2>\n\n\n\n<p class=\"has-text-align-center\">Une question ? N&rsquo;h\u00e9sitez pas \u00e0 nous \u00e9crire, nous vous r\u00e9pondrons rapidement<\/p>\n\n\n\n<p><\/p>\n","protected":false},"excerpt":{"rendered":"<p>Retrouvez-nous \u00e0 N\u00eemes et Avignon \u2014 Notre \u00e9quipe est l\u00e0 pour vous accueillir et vous conseiller Nos magasins Deux points de vente pour mieux vous servir \ud83c\udfea N\u00eemes \ud83d\udccdAdresse Ville active82 rue Claude Nicolas Ledoux30900 N\u00eemes \ud83d\udcdeT\u00e9l\u00e9phone 04 66 27 82 27 \ud83d\udd50Horaires d&rsquo;ouverture Mardi \u2013 Vendredi : 10h\u201312h30 \/ 13h30\u201318h30Samedi : 10h\u201318hFerm\u00e9 lundi et [&hellip;]<\/p>\n","protected":false},"author":2,"featured_media":0,"parent":0,"menu_order":0,"comment_status":"closed","ping_status":"closed","template":"","meta":{"footnotes":""},"class_list":["post-70","page","type-page","status-publish","hentry"],"_links":{"self":[{"href":"https:\/\/centerfetewp.hiboubox.com\/index.php\/wp-json\/wp\/v2\/pages\/70","targetHints":{"allow":["GET"]}}],"collection":[{"href":"https:\/\/centerfetewp.hiboubox.com\/index.php\/wp-json\/wp\/v2\/pages"}],"about":[{"href":"https:\/\/centerfetewp.hiboubox.com\/index.php\/wp-json\/wp\/v2\/types\/page"}],"author":[{"embeddable":true,"href":"https:\/\/centerfetewp.hiboubox.com\/index.php\/wp-json\/wp\/v2\/users\/2"}],"replies":[{"embeddable":true,"href":"https:\/\/centerfetewp.hiboubox.com\/index.php\/wp-json\/wp\/v2\/comments?post=70"}],"version-history":[{"count":1,"href":"https:\/\/centerfetewp.hiboubox.com\/index.php\/wp-json\/wp\/v2\/pages\/70\/revisions"}],"predecessor-version":[{"id":71,"href":"https:\/\/centerfetewp.hiboubox.com\/index.php\/wp-json\/wp\/v2\/pages\/70\/revisions\/71"}],"wp:attachment":[{"href":"https:\/\/centerfetewp.hiboubox.com\/index.php\/wp-json\/wp\/v2\/media?parent=70"}],"curies":[{"name":"wp","href":"https:\/\/api.w.org\/{rel}","templated":true}]}}