{"id":53,"date":"2026-03-31T16:56:23","date_gmt":"2026-03-31T14:56:23","guid":{"rendered":"https:\/\/centerfetewp.hiboubox.com\/?page_id=53"},"modified":"2026-03-31T16:56:23","modified_gmt":"2026-03-31T14:56:23","slug":"%f0%9f%91%b6-celebrations-enfants","status":"publish","type":"page","link":"https:\/\/centerfetewp.hiboubox.com\/index.php\/%f0%9f%91%b6-celebrations-enfants\/","title":{"rendered":"\ud83d\udc76 C\u00e9l\u00e9brations Enfants"},"content":{"rendered":"\n<p class=\"has-text-align-center\">Baby shower, bapt\u00eame, communion, gender reveal \u2014 des articles tendance pour c\u00e9l\u00e9brer vos petits tr\u00e9sors<\/p>\n\n\n\n<p><\/p>\n\n\n\n<h2 class=\"wp-block-heading has-text-align-center\">Toutes vos c\u00e9l\u00e9brations pour les enfants<\/h2>\n\n\n\n<p class=\"has-text-align-center\">Des articles doux et tendres pour les plus pr\u00e9cieux moments<\/p>\n\n\n\n<div class=\"wp-block-columns is-layout-flex wp-container-core-columns-is-layout-28f84493 wp-block-columns-is-layout-flex\">\n<div class=\"wp-block-column is-layout-flow wp-block-column-is-layout-flow\">\n<h3 class=\"wp-block-heading has-text-align-center\">\ud83e\udd30Baby Shower<\/h3>\n\n\n\n<p class=\"has-text-align-center\">D\u00e9corations, ballons, banderoles et tout l&rsquo;essentiel pour organiser une belle baby shower pleine de tendresse.<\/p>\n<\/div>\n\n\n\n<div class=\"wp-block-column is-layout-flow wp-block-column-is-layout-flow\">\n<h3 class=\"wp-block-heading has-text-align-center\">\ud83d\udc99\ud83d\udc97Gender Reveal<\/h3>\n\n\n\n<p class=\"has-text-align-center\">Bo\u00eetes \u00e0 r\u00e9v\u00e9lation, ballons color\u00e9s, poudres et confettis pour annoncer le sexe de b\u00e9b\u00e9 avec style.<\/p>\n<\/div>\n<\/div>\n\n\n\n<div class=\"wp-block-columns is-layout-flex wp-container-core-columns-is-layout-28f84493 wp-block-columns-is-layout-flex\">\n<div class=\"wp-block-column is-layout-flow wp-block-column-is-layout-flow\">\n<h3 class=\"wp-block-heading has-text-align-center\">\ud83c\udf81Cadeaux &amp; souvenirs<\/h3>\n\n\n\n<p class=\"has-text-align-center\">Petits cadeaux invit\u00e9s, sachets \u00e0 drag\u00e9es personnalis\u00e9s, articles de d\u00e9coration \u00e0 garder en souvenir.<\/p>\n<\/div>\n\n\n\n<div class=\"wp-block-column is-layout-flow wp-block-column-is-layout-flow\">\n<h3 class=\"wp-block-heading has-text-align-center\">\ud83c\udf88Ballons b\u00e9b\u00e9 &amp; enfants<\/h3>\n\n\n\n<p class=\"has-text-align-center\">Ballons en forme d&rsquo;\u00e9toiles, de c\u0153urs, de chiffres et lettres pour d\u00e9corer votre \u00e9v\u00e9nement.<\/p>\n<\/div>\n<\/div>\n\n\n\n<p><\/p>\n","protected":false},"excerpt":{"rendered":"<p>Baby shower, bapt\u00eame, communion, gender reveal \u2014 des articles tendance pour c\u00e9l\u00e9brer vos petits tr\u00e9sors Toutes vos c\u00e9l\u00e9brations pour les enfants Des articles doux et tendres pour les plus pr\u00e9cieux moments \ud83e\udd30Baby Shower D\u00e9corations, ballons, banderoles et tout l&rsquo;essentiel pour organiser une belle baby shower pleine de tendresse. \ud83d\udc99\ud83d\udc97Gender Reveal Bo\u00eetes \u00e0 r\u00e9v\u00e9lation, ballons color\u00e9s, [&hellip;]<\/p>\n","protected":false},"author":2,"featured_media":0,"parent":0,"menu_order":0,"comment_status":"closed","ping_status":"closed","template":"","meta":{"footnotes":""},"class_list":["post-53","page","type-page","status-publish","hentry"],"_links":{"self":[{"href":"https:\/\/centerfetewp.hiboubox.com\/index.php\/wp-json\/wp\/v2\/pages\/53","targetHints":{"allow":["GET"]}}],"collection":[{"href":"https:\/\/centerfetewp.hiboubox.com\/index.php\/wp-json\/wp\/v2\/pages"}],"about":[{"href":"https:\/\/centerfetewp.hiboubox.com\/index.php\/wp-json\/wp\/v2\/types\/page"}],"author":[{"embeddable":true,"href":"https:\/\/centerfetewp.hiboubox.com\/index.php\/wp-json\/wp\/v2\/users\/2"}],"replies":[{"embeddable":true,"href":"https:\/\/centerfetewp.hiboubox.com\/index.php\/wp-json\/wp\/v2\/comments?post=53"}],"version-history":[{"count":1,"href":"https:\/\/centerfetewp.hiboubox.com\/index.php\/wp-json\/wp\/v2\/pages\/53\/revisions"}],"predecessor-version":[{"id":54,"href":"https:\/\/centerfetewp.hiboubox.com\/index.php\/wp-json\/wp\/v2\/pages\/53\/revisions\/54"}],"wp:attachment":[{"href":"https:\/\/centerfetewp.hiboubox.com\/index.php\/wp-json\/wp\/v2\/media?parent=53"}],"curies":[{"name":"wp","href":"https:\/\/api.w.org\/{rel}","templated":true}]}}