{"id":50,"date":"2026-03-31T16:51:49","date_gmt":"2026-03-31T14:51:49","guid":{"rendered":"https:\/\/centerfetewp.hiboubox.com\/?page_id=50"},"modified":"2026-03-31T16:51:49","modified_gmt":"2026-03-31T14:51:49","slug":"%f0%9f%8e%ad-deguisements","status":"publish","type":"page","link":"https:\/\/centerfetewp.hiboubox.com\/index.php\/%f0%9f%8e%ad-deguisements\/","title":{"rendered":"\ud83c\udfad D\u00e9guisements"},"content":{"rendered":"\n<p class=\"has-text-align-center\">Un choix unique de costumes, accessoires et d\u00e9guisements pour adultes et enfants<\/p>\n\n\n\n<p><\/p>\n\n\n\n<div class=\"wp-block-media-text is-stacked-on-mobile\"><figure class=\"wp-block-media-text__media\"><img fetchpriority=\"high\" decoding=\"async\" width=\"768\" height=\"1024\" src=\"https:\/\/centerfetewp.hiboubox.com\/wp-content\/uploads\/2026\/03\/carnaval-venise-2022-masque-costume-12-768x1024.jpg\" alt=\"\" class=\"wp-image-51 size-full\" srcset=\"https:\/\/centerfetewp.hiboubox.com\/wp-content\/uploads\/2026\/03\/carnaval-venise-2022-masque-costume-12-768x1024.jpg 768w, https:\/\/centerfetewp.hiboubox.com\/wp-content\/uploads\/2026\/03\/carnaval-venise-2022-masque-costume-12-225x300.jpg 225w, https:\/\/centerfetewp.hiboubox.com\/wp-content\/uploads\/2026\/03\/carnaval-venise-2022-masque-costume-12.jpg 1050w\" sizes=\"(max-width: 768px) 100vw, 768px\" \/><\/figure><div class=\"wp-block-media-text__content\">\n<p class=\"has-text-align-center\"><strong>Transformez-vous pour la f\u00eate !<\/strong><\/p>\n\n\n\n<p>Center F\u00eate vous propose une large gamme de d\u00e9guisements uniques pour adultes et enfants. Que ce soit pour Halloween, un carnaval, une soir\u00e9e \u00e0 th\u00e8me ou juste pour s&rsquo;amuser, vous trouverez votre bonheur.<\/p>\n\n\n\n<p>Des costumes complets aux simples accessoires (chapeaux, perruques, bijoux), notre rayon d\u00e9guisements vous permettra de cr\u00e9er le look parfait pour chaque occasion.<\/p>\n\n\n\n<p>\ud83c\udf88Sets de d\u00e9guisement complets<\/p>\n\n\n\n<p>\ud83c\udf88Costumes adultes toutes tailles<\/p>\n\n\n\n<p>\ud83c\udf88D\u00e9guisements enfants (2 ans \u00e0 14 ans)<\/p>\n\n\n\n<p>\ud83c\udf88Chapeaux et couvre-chefs fantaisie<\/p>\n\n\n\n<p>\ud83c\udf88Perruques toutes couleurs<\/p>\n\n\n\n<p>\ud83c\udf88Bijoux de fantaisie et accessoires<\/p>\n<\/div><\/div>\n\n\n\n<p><\/p>\n\n\n\n<div class=\"wp-block-buttons is-content-justification-center is-layout-flex wp-container-core-buttons-is-layout-a89b3969 wp-block-buttons-is-layout-flex\">\n<div class=\"wp-block-button\"><a class=\"wp-block-button__link wp-element-button\">\ud83c\udf83Halloween<\/a><\/div>\n\n\n\n<div class=\"wp-block-button\"><a class=\"wp-block-button__link wp-element-button\">\ud83c\udfadToutes occasions<\/a><\/div>\n\n\n\n<div class=\"wp-block-button\"><a class=\"wp-block-button__link wp-element-button\">\ud83d\udc68\u200d\ud83d\udc69\u200d\ud83d\udc67\u200d\ud83d\udc66Famille<\/a><\/div>\n\n\n\n<div class=\"wp-block-button\"><a class=\"wp-block-button__link wp-element-button\">\ud83d\udc84Make-up<\/a><\/div>\n<\/div>\n\n\n\n<p><\/p>\n","protected":false},"excerpt":{"rendered":"<p>Un choix unique de costumes, accessoires et d\u00e9guisements pour adultes et enfants Transformez-vous pour la f\u00eate ! Center F\u00eate vous propose une large gamme de d\u00e9guisements uniques pour adultes et enfants. Que ce soit pour Halloween, un carnaval, une soir\u00e9e \u00e0 th\u00e8me ou juste pour s&rsquo;amuser, vous trouverez votre bonheur. Des costumes complets aux simples [&hellip;]<\/p>\n","protected":false},"author":2,"featured_media":0,"parent":0,"menu_order":0,"comment_status":"closed","ping_status":"closed","template":"","meta":{"footnotes":""},"class_list":["post-50","page","type-page","status-publish","hentry"],"_links":{"self":[{"href":"https:\/\/centerfetewp.hiboubox.com\/index.php\/wp-json\/wp\/v2\/pages\/50","targetHints":{"allow":["GET"]}}],"collection":[{"href":"https:\/\/centerfetewp.hiboubox.com\/index.php\/wp-json\/wp\/v2\/pages"}],"about":[{"href":"https:\/\/centerfetewp.hiboubox.com\/index.php\/wp-json\/wp\/v2\/types\/page"}],"author":[{"embeddable":true,"href":"https:\/\/centerfetewp.hiboubox.com\/index.php\/wp-json\/wp\/v2\/users\/2"}],"replies":[{"embeddable":true,"href":"https:\/\/centerfetewp.hiboubox.com\/index.php\/wp-json\/wp\/v2\/comments?post=50"}],"version-history":[{"count":1,"href":"https:\/\/centerfetewp.hiboubox.com\/index.php\/wp-json\/wp\/v2\/pages\/50\/revisions"}],"predecessor-version":[{"id":52,"href":"https:\/\/centerfetewp.hiboubox.com\/index.php\/wp-json\/wp\/v2\/pages\/50\/revisions\/52"}],"wp:attachment":[{"href":"https:\/\/centerfetewp.hiboubox.com\/index.php\/wp-json\/wp\/v2\/media?parent=50"}],"curies":[{"name":"wp","href":"https:\/\/api.w.org\/{rel}","templated":true}]}}