{"id":47,"date":"2026-03-31T16:47:36","date_gmt":"2026-03-31T14:47:36","guid":{"rendered":"https:\/\/centerfetewp.hiboubox.com\/?page_id=47"},"modified":"2026-03-31T16:47:36","modified_gmt":"2026-03-31T14:47:36","slug":"%f0%9f%92%8d-articles-de-mariage","status":"publish","type":"page","link":"https:\/\/centerfetewp.hiboubox.com\/index.php\/%f0%9f%92%8d-articles-de-mariage\/","title":{"rendered":"\ud83d\udc8d Articles de Mariage"},"content":{"rendered":"\n<p class=\"has-text-align-center\">Chic, \u00e9l\u00e9gant et inoubliable \u2014 tout ce qu&rsquo;il vous faut pour d\u00e9corer votre plus beau jour<\/p>\n\n\n\n<div class=\"wp-block-media-text is-stacked-on-mobile\"><figure class=\"wp-block-media-text__media\"><img fetchpriority=\"high\" decoding=\"async\" width=\"683\" height=\"1024\" src=\"https:\/\/centerfetewp.hiboubox.com\/wp-content\/uploads\/2026\/03\/589eb6bd8a5d87c649418aa0f8bac554-weeding-florence-683x1024.jpg\" alt=\"\" class=\"wp-image-48 size-full\" srcset=\"https:\/\/centerfetewp.hiboubox.com\/wp-content\/uploads\/2026\/03\/589eb6bd8a5d87c649418aa0f8bac554-weeding-florence-683x1024.jpg 683w, https:\/\/centerfetewp.hiboubox.com\/wp-content\/uploads\/2026\/03\/589eb6bd8a5d87c649418aa0f8bac554-weeding-florence-200x300.jpg 200w, https:\/\/centerfetewp.hiboubox.com\/wp-content\/uploads\/2026\/03\/589eb6bd8a5d87c649418aa0f8bac554-weeding-florence.jpg 690w\" sizes=\"(max-width: 683px) 100vw, 683px\" \/><\/figure><div class=\"wp-block-media-text__content\">\n<p class=\"has-text-align-center\"><strong>Cr\u00e9ez le mariage de vos r\u00eaves<\/strong><\/p>\n\n\n\n<p>Chez Center F\u00eate, nous mettons \u00e0 votre disposition une large gamme d&rsquo;articles pour la d\u00e9coration de votre mariage. Optez pour des articles chic et \u00e9l\u00e9gants qui feront de votre c\u00e9r\u00e9monie un \u00e9v\u00e9nement inoubliable.<\/p>\n\n\n\n<p>Des chemins de table aux bougies, en passant par les drag\u00e9es et les arches de c\u00e9r\u00e9monie, vous trouverez tout ce dont vous avez besoin pour sublimer votre salle de r\u00e9ception.<\/p>\n\n\n\n<p>Confettis, p\u00e9tales de fleurs<\/p>\n\n\n\n<p>Chemins de table, nappes et d\u00e9corations de table<\/p>\n\n\n\n<p>Bougies et lanternes<\/p>\n\n\n\n<p>Drag\u00e9es (amandes, chocolats&#8230;)<\/p>\n\n\n\n<p>Arches de c\u00e9r\u00e9monie et d\u00e9cors floraux<\/p>\n\n\n\n<p>Ballons et arches de ballons<\/p>\n<\/div><\/div>\n\n\n\n<p><\/p>\n\n\n\n<h2 class=\"wp-block-heading has-text-align-center\">Notre s\u00e9lection mariage<\/h2>\n\n\n\n<p class=\"has-text-align-center\">Des articles \u00e9l\u00e9gants pour votre c\u00e9r\u00e9monie et votre r\u00e9ception<\/p>\n\n\n\n<div class=\"wp-block-columns is-layout-flex wp-container-core-columns-is-layout-28f84493 wp-block-columns-is-layout-flex\">\n<div class=\"wp-block-column is-layout-flow wp-block-column-is-layout-flow\">\n<p class=\"has-text-align-center\"><strong>D\u00e9coration de table<\/strong><\/p>\n\n\n\n<p class=\"has-text-align-center\">Chemins de table, centres de table, bougies, vases et compositions florales pour une table sublime.<\/p>\n<\/div>\n\n\n\n<div class=\"wp-block-column is-layout-flow wp-block-column-is-layout-flow\">\n<p class=\"has-text-align-center\"><strong>Drag\u00e9es<\/strong><\/p>\n\n\n\n<p class=\"has-text-align-center\">Drag\u00e9es aux amandes, au chocolat, et bo\u00eetes \u00e0 drag\u00e9es personnalis\u00e9es pour vos cadeaux d&rsquo;invit\u00e9s.<\/p>\n<\/div>\n<\/div>\n\n\n\n<div class=\"wp-block-columns is-layout-flex wp-container-core-columns-is-layout-28f84493 wp-block-columns-is-layout-flex\">\n<div class=\"wp-block-column is-layout-flow wp-block-column-is-layout-flow\">\n<p class=\"has-text-align-center\"><strong>Bougies &amp; \u00e9clairage<\/strong><\/p>\n\n\n\n<p class=\"has-text-align-center\">Bougies piliers, bougies chauffe-plats, lanternes et guirlandes lumineuses pour une ambiance romantique.<\/p>\n<\/div>\n\n\n\n<div class=\"wp-block-column is-layout-flow wp-block-column-is-layout-flow\">\n<p class=\"has-text-align-center\"><strong>Arches &amp; d\u00e9cors<\/strong><\/p>\n\n\n\n<p class=\"has-text-align-center\">Arches de c\u00e9r\u00e9monie, backdrop, tapis et d\u00e9cors floraux pour un espace c\u00e9r\u00e9monie \u00e9l\u00e9gant.<\/p>\n<\/div>\n<\/div>\n\n\n\n<p><\/p>\n\n\n\n<div class=\"wp-block-buttons is-content-justification-center is-layout-flex wp-container-core-buttons-is-layout-a89b3969 wp-block-buttons-is-layout-flex\">\n<div class=\"wp-block-button\"><a class=\"wp-block-button__link wp-element-button\">\ud83d\udc8eStyle chic &amp; \u00e9l\u00e9gant<\/a><\/div>\n\n\n\n<div class=\"wp-block-button\"><a class=\"wp-block-button__link wp-element-button\">\ud83c\udf38D\u00e9cors floraux<\/a><\/div>\n\n\n\n<div class=\"wp-block-button\"><a class=\"wp-block-button__link wp-element-button\">\ud83c\udf80Cadeaux invit\u00e9s<\/a><\/div>\n<\/div>\n\n\n\n<p><\/p>\n","protected":false},"excerpt":{"rendered":"<p>Chic, \u00e9l\u00e9gant et inoubliable \u2014 tout ce qu&rsquo;il vous faut pour d\u00e9corer votre plus beau jour Cr\u00e9ez le mariage de vos r\u00eaves Chez Center F\u00eate, nous mettons \u00e0 votre disposition une large gamme d&rsquo;articles pour la d\u00e9coration de votre mariage. Optez pour des articles chic et \u00e9l\u00e9gants qui feront de votre c\u00e9r\u00e9monie un \u00e9v\u00e9nement inoubliable. [&hellip;]<\/p>\n","protected":false},"author":2,"featured_media":0,"parent":0,"menu_order":0,"comment_status":"closed","ping_status":"closed","template":"","meta":{"footnotes":""},"class_list":["post-47","page","type-page","status-publish","hentry"],"_links":{"self":[{"href":"https:\/\/centerfetewp.hiboubox.com\/index.php\/wp-json\/wp\/v2\/pages\/47","targetHints":{"allow":["GET"]}}],"collection":[{"href":"https:\/\/centerfetewp.hiboubox.com\/index.php\/wp-json\/wp\/v2\/pages"}],"about":[{"href":"https:\/\/centerfetewp.hiboubox.com\/index.php\/wp-json\/wp\/v2\/types\/page"}],"author":[{"embeddable":true,"href":"https:\/\/centerfetewp.hiboubox.com\/index.php\/wp-json\/wp\/v2\/users\/2"}],"replies":[{"embeddable":true,"href":"https:\/\/centerfetewp.hiboubox.com\/index.php\/wp-json\/wp\/v2\/comments?post=47"}],"version-history":[{"count":1,"href":"https:\/\/centerfetewp.hiboubox.com\/index.php\/wp-json\/wp\/v2\/pages\/47\/revisions"}],"predecessor-version":[{"id":49,"href":"https:\/\/centerfetewp.hiboubox.com\/index.php\/wp-json\/wp\/v2\/pages\/47\/revisions\/49"}],"wp:attachment":[{"href":"https:\/\/centerfetewp.hiboubox.com\/index.php\/wp-json\/wp\/v2\/media?parent=47"}],"curies":[{"name":"wp","href":"https:\/\/api.w.org\/{rel}","templated":true}]}}