{"id":43,"date":"2026-03-31T16:41:55","date_gmt":"2026-03-31T14:41:55","guid":{"rendered":"https:\/\/centerfetewp.hiboubox.com\/?page_id=43"},"modified":"2026-03-31T16:41:55","modified_gmt":"2026-03-31T14:41:55","slug":"%f0%9f%8e%82-articles-danniversaire","status":"publish","type":"page","link":"https:\/\/centerfetewp.hiboubox.com\/index.php\/%f0%9f%8e%82-articles-danniversaire\/","title":{"rendered":"\ud83c\udf82 Articles d&rsquo;Anniversaire"},"content":{"rendered":"\n<p class=\"has-text-align-center\">Tout ce qu&rsquo;il vous faut pour organiser une f\u00eate d&rsquo;anniversaire r\u00e9ussie et m\u00e9morable<\/p>\n\n\n\n<div class=\"wp-block-media-text is-stacked-on-mobile\"><figure class=\"wp-block-media-text__media\"><img fetchpriority=\"high\" decoding=\"async\" width=\"1024\" height=\"1024\" src=\"https:\/\/centerfetewp.hiboubox.com\/wp-content\/uploads\/2026\/03\/e2db13760596e1d0242bf1061317d05f-1024x1024.jpg\" alt=\"\" class=\"wp-image-44 size-full\" srcset=\"https:\/\/centerfetewp.hiboubox.com\/wp-content\/uploads\/2026\/03\/e2db13760596e1d0242bf1061317d05f-1024x1024.jpg 1024w, https:\/\/centerfetewp.hiboubox.com\/wp-content\/uploads\/2026\/03\/e2db13760596e1d0242bf1061317d05f-300x300.jpg 300w, https:\/\/centerfetewp.hiboubox.com\/wp-content\/uploads\/2026\/03\/e2db13760596e1d0242bf1061317d05f-150x150.jpg 150w, https:\/\/centerfetewp.hiboubox.com\/wp-content\/uploads\/2026\/03\/e2db13760596e1d0242bf1061317d05f-768x768.jpg 768w, https:\/\/centerfetewp.hiboubox.com\/wp-content\/uploads\/2026\/03\/e2db13760596e1d0242bf1061317d05f-1536x1536.jpg 1536w, https:\/\/centerfetewp.hiboubox.com\/wp-content\/uploads\/2026\/03\/e2db13760596e1d0242bf1061317d05f.jpg 2000w\" sizes=\"(max-width: 1024px) 100vw, 1024px\" \/><\/figure><div class=\"wp-block-media-text__content\">\n<p class=\"has-text-align-center\"><strong>Sublimez votre f\u00eate d&rsquo;anniversaire<\/strong><\/p>\n\n\n\n<p class=\"has-text-align-left\">Chez Center F\u00eate, nous vous proposons une large s\u00e9lection d&rsquo;accessoires pour sublimer votre f\u00eate d&rsquo;anniversaire. Que ce soit pour un anniversaire d&rsquo;enfant ou d&rsquo;adulte, vous trouverez tout ce qu&rsquo;il vous faut.<\/p>\n\n\n\n<p>Des ballons gonflables color\u00e9s aux guirlandes lumineuses, en passant par les cotillons et les bougies d&rsquo;anniversaire, notre gamme est pens\u00e9e pour rendre chaque moment unique.<\/p>\n\n\n\n<p>Centres de table et confettis<\/p>\n\n\n\n<p>Ballons gonflables et ballons \u00e0 l&rsquo;h\u00e9lium<\/p>\n\n\n\n<p>Guirlandes et d\u00e9corations murales<\/p>\n\n\n\n<p>Bougies d&rsquo;anniversaire (chiffres, formes&#8230;)<\/p>\n\n\n\n<p>Cotillons et accessoires festifs<\/p>\n<\/div><\/div>\n\n\n\n<p><\/p>\n\n\n\n<h2 class=\"wp-block-heading has-text-align-center\">Notre s\u00e9lection anniversaire<\/h2>\n\n\n\n<p class=\"has-text-align-center\">Des produits pour tous les \u00e2ges et tous les th\u00e8mes<\/p>\n\n\n\n<div class=\"wp-block-columns is-layout-flex wp-container-core-columns-is-layout-28f84493 wp-block-columns-is-layout-flex\">\n<div class=\"wp-block-column is-layout-flow wp-block-column-is-layout-flow\">\n<p class=\"has-text-align-center\">\ud83c\udf88 Ballons gonflables &amp; h\u00e9lium<\/p>\n\n\n\n<p class=\"has-text-align-center\">Large choix de ballons color\u00e9s, m\u00e9tallis\u00e9s, en forme de chiffres ou personnalis\u00e9s. Service gonflement h\u00e9lium disponible.<\/p>\n<\/div>\n\n\n\n<div class=\"wp-block-column is-layout-flow wp-block-column-is-layout-flow\">\n<p class=\"has-text-align-center\">\ud83c\udf89 Guirlandes &amp; d\u00e9corations<\/p>\n\n\n\n<p class=\"has-text-align-center\">Guirlandes lumineuses, pompons, banderoles \u00ab Joyeux anniversaire \u00bb, confettis et d\u00e9corations murales.<\/p>\n<\/div>\n\n\n\n<div class=\"wp-block-column is-layout-flow wp-block-column-is-layout-flow\">\n<p class=\"has-text-align-center\">\ud83c\udf82 Bougies d&rsquo;anniversaire<\/p>\n\n\n\n<p class=\"has-text-align-center\">Bougies en chiffres, bougies classiques color\u00e9es, bougies scintillantes et musicales pour g\u00e2teaux.<\/p>\n<\/div>\n<\/div>\n\n\n\n<div class=\"wp-block-columns is-layout-flex wp-container-core-columns-is-layout-28f84493 wp-block-columns-is-layout-flex\">\n<div class=\"wp-block-column is-layout-flow wp-block-column-is-layout-flow\">\n<p class=\"has-text-align-center\">\ud83c\udf8a Cotillons &amp; accessoires<\/p>\n\n\n\n<p class=\"has-text-align-center\">Chapeaux de f\u00eate, sifflets, confettis, serpentins et coffrets cotillons pour animer votre soir\u00e9e.<\/p>\n<\/div>\n\n\n\n<div class=\"wp-block-column is-layout-flow wp-block-column-is-layout-flow\">\n<p class=\"has-text-align-center\">\ud83c\udf74 Vaisselle jetable assortie<\/p>\n\n\n\n<p class=\"has-text-align-center\">Assiettes, gobelets et couverts aux couleurs de la f\u00eate, dans diff\u00e9rents th\u00e8mes et motifs.<\/p>\n<\/div>\n\n\n\n<div class=\"wp-block-column is-layout-flow wp-block-column-is-layout-flow\">\n<p class=\"has-text-align-center\">\ud83c\udf81 Cadeaux &amp; surprises<\/p>\n\n\n\n<p class=\"has-text-align-center\">Petits cadeaux originaux, sacs \u00e0 bonbons, pinatas et id\u00e9es cadeaux pour surprendre vos proches.<\/p>\n<\/div>\n<\/div>\n\n\n\n<p><\/p>\n\n\n\n<div class=\"wp-block-buttons is-content-justification-center is-layout-flex wp-container-core-buttons-is-layout-a89b3969 wp-block-buttons-is-layout-flex\">\n<div class=\"wp-block-button\"><a class=\"wp-block-button__link wp-element-button\">\ud83c\udf88Gonflement h\u00e9lium<\/a><\/div>\n\n\n\n<div class=\"wp-block-button\"><a class=\"wp-block-button__link has-text-align-center wp-element-button\">\ud83c\udfa8Tous les th\u00e8mes<\/a><\/div>\n\n\n\n<div class=\"wp-block-button\"><a class=\"wp-block-button__link has-text-align-center wp-element-button\">\ud83d\udc76Enfants &amp; adultes<\/a><\/div>\n<\/div>\n\n\n\n<p><\/p>\n","protected":false},"excerpt":{"rendered":"<p>Tout ce qu&rsquo;il vous faut pour organiser une f\u00eate d&rsquo;anniversaire r\u00e9ussie et m\u00e9morable Sublimez votre f\u00eate d&rsquo;anniversaire Chez Center F\u00eate, nous vous proposons une large s\u00e9lection d&rsquo;accessoires pour sublimer votre f\u00eate d&rsquo;anniversaire. Que ce soit pour un anniversaire d&rsquo;enfant ou d&rsquo;adulte, vous trouverez tout ce qu&rsquo;il vous faut. Des ballons gonflables color\u00e9s aux guirlandes lumineuses, [&hellip;]<\/p>\n","protected":false},"author":2,"featured_media":0,"parent":0,"menu_order":0,"comment_status":"closed","ping_status":"closed","template":"","meta":{"footnotes":""},"class_list":["post-43","page","type-page","status-publish","hentry"],"_links":{"self":[{"href":"https:\/\/centerfetewp.hiboubox.com\/index.php\/wp-json\/wp\/v2\/pages\/43","targetHints":{"allow":["GET"]}}],"collection":[{"href":"https:\/\/centerfetewp.hiboubox.com\/index.php\/wp-json\/wp\/v2\/pages"}],"about":[{"href":"https:\/\/centerfetewp.hiboubox.com\/index.php\/wp-json\/wp\/v2\/types\/page"}],"author":[{"embeddable":true,"href":"https:\/\/centerfetewp.hiboubox.com\/index.php\/wp-json\/wp\/v2\/users\/2"}],"replies":[{"embeddable":true,"href":"https:\/\/centerfetewp.hiboubox.com\/index.php\/wp-json\/wp\/v2\/comments?post=43"}],"version-history":[{"count":1,"href":"https:\/\/centerfetewp.hiboubox.com\/index.php\/wp-json\/wp\/v2\/pages\/43\/revisions"}],"predecessor-version":[{"id":46,"href":"https:\/\/centerfetewp.hiboubox.com\/index.php\/wp-json\/wp\/v2\/pages\/43\/revisions\/46"}],"wp:attachment":[{"href":"https:\/\/centerfetewp.hiboubox.com\/index.php\/wp-json\/wp\/v2\/media?parent=43"}],"curies":[{"name":"wp","href":"https:\/\/api.w.org\/{rel}","templated":true}]}}